{"id":26313,"date":"2020-12-03T15:07:48","date_gmt":"2020-12-03T15:07:48","guid":{"rendered":"https:\/\/the7.io\/elementor-main\/?page_id=26313"},"modified":"2021-06-18T12:34:08","modified_gmt":"2021-06-18T12:34:08","slug":"servicii-preproductie","status":"publish","type":"page","link":"http:\/\/bestprint.ro\/en\/servicii\/servicii-preproductie\/","title":{"rendered":"Pre-production services"},"content":{"rendered":"<div data-elementor-type=\"wp-page\" data-elementor-id=\"26313\" class=\"elementor elementor-26313\" data-elementor-post-type=\"page\">\n\t\t\t\t\t\t<section class=\"elementor-section elementor-top-section elementor-element elementor-element-2ac67323 elementor-section-boxed elementor-section-height-default elementor-section-height-default\" data-id=\"2ac67323\" data-element_type=\"section\">\n\t\t\t\t\t\t<div class=\"elementor-container elementor-column-gap-default\">\n\t\t\t\t\t<div class=\"elementor-column elementor-col-100 elementor-top-column elementor-element elementor-element-5bb3eb53\" data-id=\"5bb3eb53\" data-element_type=\"column\">\n\t\t\t<div class=\"elementor-widget-wrap elementor-element-populated\">\n\t\t\t\t\t\t<div class=\"elementor-element elementor-element-70f98b84 elementor-widget elementor-widget-heading\" data-id=\"70f98b84\" data-element_type=\"widget\" data-widget_type=\"heading.default\">\n\t\t\t\t\t<h2 class=\"elementor-heading-title elementor-size-default\">Pre-production services<\/h2>\t\t\t\t<\/div>\n\t\t\t\t<div class=\"elementor-element elementor-element-40ac6fc4 elementor-widget elementor-widget-spacer\" data-id=\"40ac6fc4\" data-element_type=\"widget\" data-widget_type=\"spacer.default\">\n\t\t\t\t\t\t\t<div class=\"elementor-spacer\">\n\t\t\t<div class=\"elementor-spacer-inner\"><\/div>\n\t\t<\/div>\n\t\t\t\t\t\t<\/div>\n\t\t\t\t<div class=\"elementor-element elementor-element-77723c2c elementor-widget elementor-widget-spacer\" data-id=\"77723c2c\" data-element_type=\"widget\" data-widget_type=\"spacer.default\">\n\t\t\t\t\t\t\t<div class=\"elementor-spacer\">\n\t\t\t<div class=\"elementor-spacer-inner\"><\/div>\n\t\t<\/div>\n\t\t\t\t\t\t<\/div>\n\t\t\t\t\t<\/div>\n\t\t<\/div>\n\t\t\t\t\t<\/div>\n\t\t<\/section>\n\t\t\t\t<section class=\"elementor-section elementor-top-section elementor-element elementor-element-342471e5 elementor-section-content-middle elementor-section-boxed elementor-section-height-default elementor-section-height-default\" data-id=\"342471e5\" data-element_type=\"section\">\n\t\t\t\t\t\t<div class=\"elementor-container elementor-column-gap-wider\">\n\t\t\t\t\t<div class=\"elementor-column elementor-col-50 elementor-top-column elementor-element elementor-element-1378ead3\" data-id=\"1378ead3\" data-element_type=\"column\">\n\t\t\t<div class=\"elementor-widget-wrap elementor-element-populated\">\n\t\t\t\t\t\t<div class=\"elementor-element elementor-element-443bfb2 elementor-widget elementor-widget-image\" data-id=\"443bfb2\" data-element_type=\"widget\" data-widget_type=\"image.default\">\n\t\t\t\t\t\t\t\t\t\t\t\t\t\t\t<img fetchpriority=\"high\" decoding=\"async\" width=\"2048\" height=\"1365\" src=\"https:\/\/bestprint.ro\/wp-content\/uploads\/2021\/02\/173661841_133731605384251_3908387762917315797_n.jpg\" class=\"attachment-full size-full wp-image-31299\" alt=\"\" srcset=\"https:\/\/bestprint.ro\/wp-content\/uploads\/2021\/02\/173661841_133731605384251_3908387762917315797_n.jpg 2048w, https:\/\/bestprint.ro\/wp-content\/uploads\/2021\/02\/173661841_133731605384251_3908387762917315797_n-300x200.jpg 300w, https:\/\/bestprint.ro\/wp-content\/uploads\/2021\/02\/173661841_133731605384251_3908387762917315797_n-1024x683.jpg 1024w, https:\/\/bestprint.ro\/wp-content\/uploads\/2021\/02\/173661841_133731605384251_3908387762917315797_n-768x512.jpg 768w, https:\/\/bestprint.ro\/wp-content\/uploads\/2021\/02\/173661841_133731605384251_3908387762917315797_n-1536x1024.jpg 1536w\" sizes=\"(max-width: 2048px) 100vw, 2048px\" \/>\t\t\t\t\t\t\t\t\t\t\t\t\t\t\t<\/div>\n\t\t\t\t\t<\/div>\n\t\t<\/div>\n\t\t\t\t<div class=\"elementor-column elementor-col-50 elementor-top-column elementor-element elementor-element-58a39893\" data-id=\"58a39893\" data-element_type=\"column\">\n\t\t\t<div class=\"elementor-widget-wrap elementor-element-populated\">\n\t\t\t\t\t\t<div class=\"elementor-element elementor-element-03cd9fe elementor-widget elementor-widget-text-editor\" data-id=\"03cd9fe\" data-element_type=\"widget\" data-widget_type=\"text-editor.default\">\n\t\t\t\t\t\t\t\t\t<div id=\"main_content\"><p><b><span lang=\"RO\">Product design and development<\/span><\/b><\/p><p>Marketing ideas must translate functionality and design into a form that adds value to the product, making it commercially viable. We analyze the requirements of our customers and integrate them into products that are visually appealing, viable in terms of functionality and optimal in terms of cost.<\/p><\/div>\t\t\t\t\t\t\t\t<\/div>\n\t\t\t\t\t<\/div>\n\t\t<\/div>\n\t\t\t\t\t<\/div>\n\t\t<\/section>\n\t\t\t\t<section class=\"elementor-section elementor-top-section elementor-element elementor-element-e456c22 elementor-section-content-middle elementor-section-boxed elementor-section-height-default elementor-section-height-default\" data-id=\"e456c22\" data-element_type=\"section\">\n\t\t\t\t\t\t<div class=\"elementor-container elementor-column-gap-wider\">\n\t\t\t\t\t<div class=\"elementor-column elementor-col-50 elementor-top-column elementor-element elementor-element-aeef67d\" data-id=\"aeef67d\" data-element_type=\"column\">\n\t\t\t<div class=\"elementor-widget-wrap elementor-element-populated\">\n\t\t\t\t\t\t<div class=\"elementor-element elementor-element-345ea86 elementor-widget elementor-widget-text-editor\" data-id=\"345ea86\" data-element_type=\"widget\" data-widget_type=\"text-editor.default\">\n\t\t\t\t\t\t\t\t\t<p><b><span lang=\"RO\">Functional analysis and optimization<\/span><\/b><\/p><p>We analyze the particularities of each requested product and propose alternative product variants, which optimally combine the functional solution, costs and delivery time. We offer personalized assistance and the information you need to make the best decisions.<\/p>\t\t\t\t\t\t\t\t<\/div>\n\t\t\t\t\t<\/div>\n\t\t<\/div>\n\t\t\t\t<div class=\"elementor-column elementor-col-50 elementor-top-column elementor-element elementor-element-4391c0e\" data-id=\"4391c0e\" data-element_type=\"column\">\n\t\t\t<div class=\"elementor-widget-wrap elementor-element-populated\">\n\t\t\t\t\t\t<div class=\"elementor-element elementor-element-8bbd614 elementor-widget elementor-widget-image\" data-id=\"8bbd614\" data-element_type=\"widget\" data-widget_type=\"image.default\">\n\t\t\t\t\t\t\t\t\t\t\t\t\t\t\t<img decoding=\"async\" width=\"1200\" height=\"800\" src=\"https:\/\/bestprint.ro\/wp-content\/uploads\/2021\/06\/Analiza-si-optimizare-functionala.jpg\" class=\"attachment-full size-full wp-image-31925\" alt=\"\" srcset=\"https:\/\/bestprint.ro\/wp-content\/uploads\/2021\/06\/Analiza-si-optimizare-functionala.jpg 1200w, https:\/\/bestprint.ro\/wp-content\/uploads\/2021\/06\/Analiza-si-optimizare-functionala-300x200.jpg 300w, https:\/\/bestprint.ro\/wp-content\/uploads\/2021\/06\/Analiza-si-optimizare-functionala-1024x683.jpg 1024w, https:\/\/bestprint.ro\/wp-content\/uploads\/2021\/06\/Analiza-si-optimizare-functionala-768x512.jpg 768w\" sizes=\"(max-width: 1200px) 100vw, 1200px\" \/>\t\t\t\t\t\t\t\t\t\t\t\t\t\t\t<\/div>\n\t\t\t\t\t<\/div>\n\t\t<\/div>\n\t\t\t\t\t<\/div>\n\t\t<\/section>\n\t\t\t\t<section class=\"elementor-section elementor-top-section elementor-element elementor-element-a205be3 elementor-section-content-middle elementor-section-boxed elementor-section-height-default elementor-section-height-default\" data-id=\"a205be3\" data-element_type=\"section\">\n\t\t\t\t\t\t<div class=\"elementor-container elementor-column-gap-wider\">\n\t\t\t\t\t<div class=\"elementor-column elementor-col-50 elementor-top-column elementor-element elementor-element-ee35f4b\" data-id=\"ee35f4b\" data-element_type=\"column\">\n\t\t\t<div class=\"elementor-widget-wrap elementor-element-populated\">\n\t\t\t\t\t\t<div class=\"elementor-element elementor-element-28dd70d elementor-widget elementor-widget-image\" data-id=\"28dd70d\" data-element_type=\"widget\" data-widget_type=\"image.default\">\n\t\t\t\t\t\t\t\t\t\t\t\t\t\t\t<img decoding=\"async\" src=\"https:\/\/bestprint.ro\/wp-content\/uploads\/elementor\/thumbs\/DTP-p9bv9ytmq54i2t3h0ejhyungeeiynaggolpte053y8.jpg\" title=\"\" alt=\"\" loading=\"lazy\" \/>\t\t\t\t\t\t\t\t\t\t\t\t\t\t\t<\/div>\n\t\t\t\t\t<\/div>\n\t\t<\/div>\n\t\t\t\t<div class=\"elementor-column elementor-col-50 elementor-top-column elementor-element elementor-element-5b236ec\" data-id=\"5b236ec\" data-element_type=\"column\">\n\t\t\t<div class=\"elementor-widget-wrap elementor-element-populated\">\n\t\t\t\t\t\t<div class=\"elementor-element elementor-element-9b75ea2 elementor-widget elementor-widget-text-editor\" data-id=\"9b75ea2\" data-element_type=\"widget\" data-widget_type=\"text-editor.default\">\n\t\t\t\t\t\t\t\t\t<div id=\"main_content\"><p><b><span lang=\"RO\">DTP<\/span><\/b><\/p><p>DTP services focus on the analysis, correction and professional printing of documents received from customers.<\/p><p>This activity aims to generate PDF files that meet the high-quality criteria required by the current standards of the printing industry. The focus is on the correct use of ICC color profiles for proofing and printing equipment, as well as their correct use and proper setting of graphic applications in the context of the printing production process.<\/p><p>We also offer correction services for texts and we signal to customers the typographical errors with the possibility of correcting them. All orders are executed only with the prior approval of the customer on the mock-up and color test.<\/p><\/div>\t\t\t\t\t\t\t\t<\/div>\n\t\t\t\t\t<\/div>\n\t\t<\/div>\n\t\t\t\t\t<\/div>\n\t\t<\/section>\n\t\t\t\t<section class=\"elementor-section elementor-top-section elementor-element elementor-element-6050713 elementor-section-content-middle elementor-section-boxed elementor-section-height-default elementor-section-height-default\" data-id=\"6050713\" data-element_type=\"section\">\n\t\t\t\t\t\t<div class=\"elementor-container elementor-column-gap-wider\">\n\t\t\t\t\t<div class=\"elementor-column elementor-col-50 elementor-top-column elementor-element elementor-element-f8c63a7\" data-id=\"f8c63a7\" data-element_type=\"column\">\n\t\t\t<div class=\"elementor-widget-wrap elementor-element-populated\">\n\t\t\t\t\t\t<div class=\"elementor-element elementor-element-478e79c elementor-widget elementor-widget-text-editor\" data-id=\"478e79c\" data-element_type=\"widget\" data-widget_type=\"text-editor.default\">\n\t\t\t\t\t\t\t\t\t<p><b><span lang=\"RO\">Modeling<\/span><\/b><\/p><p>We are at your disposal for making models associated with a diverse range of products. Our specialists are up to date with the latest trends in the field of graphics. We harmoniously integrate the text and graphic elements in order to create the print format, following the graphic concepts from the original document or, upon request, based on a design proposed by us.\u00a0<\/p>\t\t\t\t\t\t\t\t<\/div>\n\t\t\t\t\t<\/div>\n\t\t<\/div>\n\t\t\t\t<div class=\"elementor-column elementor-col-50 elementor-top-column elementor-element elementor-element-01140a3\" data-id=\"01140a3\" data-element_type=\"column\">\n\t\t\t<div class=\"elementor-widget-wrap elementor-element-populated\">\n\t\t\t\t\t\t<div class=\"elementor-element elementor-element-80652ae elementor-widget elementor-widget-image\" data-id=\"80652ae\" data-element_type=\"widget\" data-widget_type=\"image.default\">\n\t\t\t\t\t\t\t\t\t\t\t\t\t\t\t<img decoding=\"async\" width=\"1200\" height=\"800\" src=\"https:\/\/bestprint.ro\/wp-content\/uploads\/2021\/06\/Machetare.jpg\" class=\"attachment-full size-full wp-image-31927\" alt=\"\" srcset=\"https:\/\/bestprint.ro\/wp-content\/uploads\/2021\/06\/Machetare.jpg 1200w, https:\/\/bestprint.ro\/wp-content\/uploads\/2021\/06\/Machetare-300x200.jpg 300w, https:\/\/bestprint.ro\/wp-content\/uploads\/2021\/06\/Machetare-1024x683.jpg 1024w, https:\/\/bestprint.ro\/wp-content\/uploads\/2021\/06\/Machetare-768x512.jpg 768w\" sizes=\"(max-width: 1200px) 100vw, 1200px\" \/>\t\t\t\t\t\t\t\t\t\t\t\t\t\t\t<\/div>\n\t\t\t\t\t<\/div>\n\t\t<\/div>\n\t\t\t\t\t<\/div>\n\t\t<\/section>\n\t\t\t\t<section class=\"elementor-section elementor-top-section elementor-element elementor-element-78e7bd4 elementor-section-content-middle elementor-section-boxed elementor-section-height-default elementor-section-height-default\" data-id=\"78e7bd4\" data-element_type=\"section\">\n\t\t\t\t\t\t<div class=\"elementor-container elementor-column-gap-wider\">\n\t\t\t\t\t<div class=\"elementor-column elementor-col-50 elementor-top-column elementor-element elementor-element-c4d217c\" data-id=\"c4d217c\" data-element_type=\"column\">\n\t\t\t<div class=\"elementor-widget-wrap elementor-element-populated\">\n\t\t\t\t\t\t<div class=\"elementor-element elementor-element-2bf7c01 elementor-widget elementor-widget-image\" data-id=\"2bf7c01\" data-element_type=\"widget\" data-widget_type=\"image.default\">\n\t\t\t\t\t\t\t\t\t\t\t\t\t\t\t<img decoding=\"async\" src=\"https:\/\/bestprint.ro\/wp-content\/uploads\/elementor\/thumbs\/Hard-and-Soft-Proofing-p9bv9wxych1xfl67bdq8tv4j7ms87w900ceufg7wao.jpg\" title=\"\" alt=\"\" loading=\"lazy\" \/>\t\t\t\t\t\t\t\t\t\t\t\t\t\t\t<\/div>\n\t\t\t\t\t<\/div>\n\t\t<\/div>\n\t\t\t\t<div class=\"elementor-column elementor-col-50 elementor-top-column elementor-element elementor-element-25296d2\" data-id=\"25296d2\" data-element_type=\"column\">\n\t\t\t<div class=\"elementor-widget-wrap elementor-element-populated\">\n\t\t\t\t\t\t<div class=\"elementor-element elementor-element-e79384d elementor-widget elementor-widget-text-editor\" data-id=\"e79384d\" data-element_type=\"widget\" data-widget_type=\"text-editor.default\">\n\t\t\t\t\t\t\t\t\t<div id=\"main_content\"><p><b><span lang=\"RO\">Hard &amp; Soft Proofing<\/span><\/b><\/p><p>For any type of work, a proof is initially validated that reproduces, from a chromatic point of view, the product to be made. The color sample generation technology complies with the strictest professional standards in the field and provides safety in the production process.<\/p><\/div>\t\t\t\t\t\t\t\t<\/div>\n\t\t\t\t\t<\/div>\n\t\t<\/div>\n\t\t\t\t\t<\/div>\n\t\t<\/section>\n\t\t\t\t<section class=\"elementor-section elementor-top-section elementor-element elementor-element-9bd3024 elementor-section-content-middle elementor-section-boxed elementor-section-height-default elementor-section-height-default\" data-id=\"9bd3024\" data-element_type=\"section\">\n\t\t\t\t\t\t<div class=\"elementor-container elementor-column-gap-wider\">\n\t\t\t\t\t<div class=\"elementor-column elementor-col-50 elementor-top-column elementor-element elementor-element-84bb500\" data-id=\"84bb500\" data-element_type=\"column\">\n\t\t\t<div class=\"elementor-widget-wrap elementor-element-populated\">\n\t\t\t\t\t\t<div class=\"elementor-element elementor-element-dd8656a elementor-widget elementor-widget-text-editor\" data-id=\"dd8656a\" data-element_type=\"widget\" data-widget_type=\"text-editor.default\">\n\t\t\t\t\t\t\t\t\t<p><b><span lang=\"RO\">Mockup<\/span><\/b><\/p><p>The jobs that involve post-printing processing are analyzed from the perspective of feasibility and compliance by making prototype models (mock-ups).<\/p>\t\t\t\t\t\t\t\t<\/div>\n\t\t\t\t\t<\/div>\n\t\t<\/div>\n\t\t\t\t<div class=\"elementor-column elementor-col-50 elementor-top-column elementor-element elementor-element-4f9ad71\" data-id=\"4f9ad71\" data-element_type=\"column\">\n\t\t\t<div class=\"elementor-widget-wrap elementor-element-populated\">\n\t\t\t\t\t\t<div class=\"elementor-element elementor-element-0a02a3b elementor-widget elementor-widget-image\" data-id=\"0a02a3b\" data-element_type=\"widget\" data-widget_type=\"image.default\">\n\t\t\t\t\t\t\t\t\t\t\t\t\t\t\t<img loading=\"lazy\" decoding=\"async\" width=\"1200\" height=\"900\" src=\"https:\/\/bestprint.ro\/wp-content\/uploads\/2021\/06\/Mock-up-2.jpg\" class=\"attachment-full size-full wp-image-31981\" alt=\"\" srcset=\"https:\/\/bestprint.ro\/wp-content\/uploads\/2021\/06\/Mock-up-2.jpg 1200w, https:\/\/bestprint.ro\/wp-content\/uploads\/2021\/06\/Mock-up-2-300x225.jpg 300w, https:\/\/bestprint.ro\/wp-content\/uploads\/2021\/06\/Mock-up-2-1024x768.jpg 1024w, https:\/\/bestprint.ro\/wp-content\/uploads\/2021\/06\/Mock-up-2-768x576.jpg 768w\" sizes=\"(max-width: 1200px) 100vw, 1200px\" \/>\t\t\t\t\t\t\t\t\t\t\t\t\t\t\t<\/div>\n\t\t\t\t\t<\/div>\n\t\t<\/div>\n\t\t\t\t\t<\/div>\n\t\t<\/section>\n\t\t\t\t<\/div>","protected":false},"excerpt":{"rendered":"<p>Proiectare \u0219i dezvoltare produs Ideile de marketing trebuie s\u0103 transpun\u0103 func\u021bionalitatea \u0219i designul \u00eentr-o form\u0103 care s\u0103 adauge valoare produsului, f\u0103c\u00e2ndu-l viabil din punct de vedere comercial. Analiz\u0103m cerin\u021bele clien\u021bilor no\u0219tri \u0219i le integr\u0103m \u00een produse care sunt atractive din punct de vedere vizual, viabile din punct de vedere func\u021bionalitate \u0219i optime din punct de&hellip;<\/p>","protected":false},"author":1,"featured_media":0,"parent":8564,"menu_order":70,"comment_status":"closed","ping_status":"closed","template":"","meta":{"footnotes":""},"class_list":["post-26313","page","type-page","status-publish","hentry"],"_links":{"self":[{"href":"http:\/\/bestprint.ro\/en\/wp-json\/wp\/v2\/pages\/26313","targetHints":{"allow":["GET"]}}],"collection":[{"href":"http:\/\/bestprint.ro\/en\/wp-json\/wp\/v2\/pages"}],"about":[{"href":"http:\/\/bestprint.ro\/en\/wp-json\/wp\/v2\/types\/page"}],"author":[{"embeddable":true,"href":"http:\/\/bestprint.ro\/en\/wp-json\/wp\/v2\/users\/1"}],"replies":[{"embeddable":true,"href":"http:\/\/bestprint.ro\/en\/wp-json\/wp\/v2\/comments?post=26313"}],"version-history":[{"count":28,"href":"http:\/\/bestprint.ro\/en\/wp-json\/wp\/v2\/pages\/26313\/revisions"}],"predecessor-version":[{"id":31984,"href":"http:\/\/bestprint.ro\/en\/wp-json\/wp\/v2\/pages\/26313\/revisions\/31984"}],"up":[{"embeddable":true,"href":"http:\/\/bestprint.ro\/en\/wp-json\/wp\/v2\/pages\/8564"}],"wp:attachment":[{"href":"http:\/\/bestprint.ro\/en\/wp-json\/wp\/v2\/media?parent=26313"}],"curies":[{"name":"wp","href":"https:\/\/api.w.org\/{rel}","templated":true}]}}