{"id":30321,"date":"2021-02-24T13:39:31","date_gmt":"2021-02-24T13:39:31","guid":{"rendered":"https:\/\/bestprint.ro\/?page_id=30321"},"modified":"2021-06-18T12:37:15","modified_gmt":"2021-06-18T12:37:15","slug":"servicii-logistica-personalizata","status":"publish","type":"page","link":"http:\/\/bestprint.ro\/en\/servicii\/servicii-logistica-personalizata\/","title":{"rendered":"Customized logistics services"},"content":{"rendered":"<div data-elementor-type=\"wp-page\" data-elementor-id=\"30321\" class=\"elementor elementor-30321\" data-elementor-post-type=\"page\">\n\t\t\t\t\t\t<section class=\"elementor-section elementor-top-section elementor-element elementor-element-2ac67323 elementor-section-boxed elementor-section-height-default elementor-section-height-default\" data-id=\"2ac67323\" data-element_type=\"section\">\n\t\t\t\t\t\t<div class=\"elementor-container elementor-column-gap-default\">\n\t\t\t\t\t<div class=\"elementor-column elementor-col-100 elementor-top-column elementor-element elementor-element-5bb3eb53\" data-id=\"5bb3eb53\" data-element_type=\"column\">\n\t\t\t<div class=\"elementor-widget-wrap elementor-element-populated\">\n\t\t\t\t\t\t<div class=\"elementor-element elementor-element-70f98b84 elementor-widget elementor-widget-heading\" data-id=\"70f98b84\" data-element_type=\"widget\" data-widget_type=\"heading.default\">\n\t\t\t\t\t<h2 class=\"elementor-heading-title elementor-size-default\">Customized logistics services<\/h2>\t\t\t\t<\/div>\n\t\t\t\t<div class=\"elementor-element elementor-element-40ac6fc4 elementor-widget elementor-widget-spacer\" data-id=\"40ac6fc4\" data-element_type=\"widget\" data-widget_type=\"spacer.default\">\n\t\t\t\t\t\t\t<div class=\"elementor-spacer\">\n\t\t\t<div class=\"elementor-spacer-inner\"><\/div>\n\t\t<\/div>\n\t\t\t\t\t\t<\/div>\n\t\t\t\t\t<\/div>\n\t\t<\/div>\n\t\t\t\t\t<\/div>\n\t\t<\/section>\n\t\t\t\t<section class=\"elementor-section elementor-top-section elementor-element elementor-element-342471e5 elementor-section-boxed elementor-section-height-default elementor-section-height-default\" data-id=\"342471e5\" data-element_type=\"section\">\n\t\t\t\t\t\t<div class=\"elementor-container elementor-column-gap-wider\">\n\t\t\t\t\t<div class=\"elementor-column elementor-col-50 elementor-top-column elementor-element elementor-element-1378ead3\" data-id=\"1378ead3\" data-element_type=\"column\">\n\t\t\t<div class=\"elementor-widget-wrap elementor-element-populated\">\n\t\t\t\t\t\t<div class=\"elementor-element elementor-element-443bfb2 elementor-widget elementor-widget-image\" data-id=\"443bfb2\" data-element_type=\"widget\" data-widget_type=\"image.default\">\n\t\t\t\t\t\t\t\t\t\t\t\t\t\t\t<img decoding=\"async\" src=\"https:\/\/bestprint.ro\/wp-content\/uploads\/elementor\/thumbs\/Picking-p9bv9u4fryy2graaruid4du5fh64ksxszygdzmc2tc.jpg\" title=\"\" alt=\"\" loading=\"lazy\" \/>\t\t\t\t\t\t\t\t\t\t\t\t\t\t\t<\/div>\n\t\t\t\t\t<\/div>\n\t\t<\/div>\n\t\t\t\t<div class=\"elementor-column elementor-col-50 elementor-top-column elementor-element elementor-element-58a39893\" data-id=\"58a39893\" data-element_type=\"column\">\n\t\t\t<div class=\"elementor-widget-wrap elementor-element-populated\">\n\t\t\t\t\t\t<div class=\"elementor-element elementor-element-506c3f34 elementor-widget elementor-widget-text-editor\" data-id=\"506c3f34\" data-element_type=\"widget\" data-widget_type=\"text-editor.default\">\n\t\t\t\t\t\t\t\t\t<p><strong>Picking (Assembly of various products, customized by destination)<\/strong><\/p><p>We have experience in managing complex projects that require the collection and packaging of products of various types in predefined sets and preparation for delivery to multiple destinations, based on customer-specified distribution lists.<\/p>\t\t\t\t\t\t\t\t<\/div>\n\t\t\t\t\t<\/div>\n\t\t<\/div>\n\t\t\t\t\t<\/div>\n\t\t<\/section>\n\t\t\t\t<section class=\"elementor-section elementor-top-section elementor-element elementor-element-ad77fd3 elementor-section-boxed elementor-section-height-default elementor-section-height-default\" data-id=\"ad77fd3\" data-element_type=\"section\">\n\t\t\t\t\t\t<div class=\"elementor-container elementor-column-gap-wider\">\n\t\t\t\t\t<div class=\"elementor-column elementor-col-50 elementor-top-column elementor-element elementor-element-55e09f6\" data-id=\"55e09f6\" data-element_type=\"column\">\n\t\t\t<div class=\"elementor-widget-wrap elementor-element-populated\">\n\t\t\t\t\t\t<div class=\"elementor-element elementor-element-e890878 elementor-widget elementor-widget-text-editor\" data-id=\"e890878\" data-element_type=\"widget\" data-widget_type=\"text-editor.default\">\n\t\t\t\t\t\t\t\t\t<p><strong>Packing<\/strong><\/p><p>Our products are delivered in various types of packaging, suitable for the purpose and type of shipment, while ensuring minimum costs. We deliver both individual packages (packaged in paper of various assortments or cardboard boxes) and palletized packages.<\/p><p>Packaged products are labeled for precise and rapid identification and the entire process is performed and verified by qualified personnel.<\/p>\t\t\t\t\t\t\t\t<\/div>\n\t\t\t\t\t<\/div>\n\t\t<\/div>\n\t\t\t\t<div class=\"elementor-column elementor-col-50 elementor-top-column elementor-element elementor-element-32ba34e\" data-id=\"32ba34e\" data-element_type=\"column\">\n\t\t\t<div class=\"elementor-widget-wrap elementor-element-populated\">\n\t\t\t\t\t\t<div class=\"elementor-element elementor-element-1b330cd elementor-widget elementor-widget-image\" data-id=\"1b330cd\" data-element_type=\"widget\" data-widget_type=\"image.default\">\n\t\t\t\t\t\t\t\t\t\t\t\t\t\t\t<img decoding=\"async\" src=\"https:\/\/bestprint.ro\/wp-content\/uploads\/elementor\/thumbs\/Packing-p9bv9u4fryy2graaruid4du5fh64ksxszygdzmc2tc.jpg\" title=\"\" alt=\"\" loading=\"lazy\" \/>\t\t\t\t\t\t\t\t\t\t\t\t\t\t\t<\/div>\n\t\t\t\t\t<\/div>\n\t\t<\/div>\n\t\t\t\t\t<\/div>\n\t\t<\/section>\n\t\t\t\t<section class=\"elementor-section elementor-top-section elementor-element elementor-element-f16b830 elementor-section-boxed elementor-section-height-default elementor-section-height-default\" data-id=\"f16b830\" data-element_type=\"section\">\n\t\t\t\t\t\t<div class=\"elementor-container elementor-column-gap-wider\">\n\t\t\t\t\t<div class=\"elementor-column elementor-col-50 elementor-top-column elementor-element elementor-element-db7f119\" data-id=\"db7f119\" data-element_type=\"column\">\n\t\t\t<div class=\"elementor-widget-wrap elementor-element-populated\">\n\t\t\t\t\t\t<div class=\"elementor-element elementor-element-943ddc3 elementor-widget elementor-widget-image\" data-id=\"943ddc3\" data-element_type=\"widget\" data-widget_type=\"image.default\">\n\t\t\t\t\t\t\t\t\t\t\t\t\t\t\t<img decoding=\"async\" src=\"https:\/\/bestprint.ro\/wp-content\/uploads\/elementor\/thumbs\/Co-packing-p9bv9mlq9anrvvl7zr9ckfqgoe76v83yax8i5en874.jpg\" title=\"\" alt=\"\" loading=\"lazy\" \/>\t\t\t\t\t\t\t\t\t\t\t\t\t\t\t<\/div>\n\t\t\t\t\t<\/div>\n\t\t<\/div>\n\t\t\t\t<div class=\"elementor-column elementor-col-50 elementor-top-column elementor-element elementor-element-6760ac3\" data-id=\"6760ac3\" data-element_type=\"column\">\n\t\t\t<div class=\"elementor-widget-wrap elementor-element-populated\">\n\t\t\t\t\t\t<div class=\"elementor-element elementor-element-f784489 elementor-widget elementor-widget-text-editor\" data-id=\"f784489\" data-element_type=\"widget\" data-widget_type=\"text-editor.default\">\n\t\t\t\t\t\t\t\t\t<p><strong>Co-packing (Attaching accessories or samples to the printed product)<\/strong><\/p><p>We attach to the products printed by us various samples or accessories supplied by customers and we obtain the packaging kits in the final form of presentation or placement on the shelf.<\/p>\t\t\t\t\t\t\t\t<\/div>\n\t\t\t\t\t<\/div>\n\t\t<\/div>\n\t\t\t\t\t<\/div>\n\t\t<\/section>\n\t\t\t\t<section class=\"elementor-section elementor-top-section elementor-element elementor-element-3336a02 elementor-section-content-middle elementor-section-boxed elementor-section-height-default elementor-section-height-default\" data-id=\"3336a02\" data-element_type=\"section\">\n\t\t\t\t\t\t<div class=\"elementor-container elementor-column-gap-wider\">\n\t\t\t\t\t<div class=\"elementor-column elementor-col-50 elementor-top-column elementor-element elementor-element-d9c2064\" data-id=\"d9c2064\" data-element_type=\"column\">\n\t\t\t<div class=\"elementor-widget-wrap elementor-element-populated\">\n\t\t\t\t\t\t<div class=\"elementor-element elementor-element-0c69267 elementor-widget elementor-widget-text-editor\" data-id=\"0c69267\" data-element_type=\"widget\" data-widget_type=\"text-editor.default\">\n\t\t\t\t\t\t\t\t\t<p><b><span lang=\"RO\">Distribution<\/span><\/b><\/p><p>We ensure the door-to-door or logistics center delivery of over 10 tons of products daily, through our own modern transport fleet. We distribute our products in over 15.00 locations every month, and with the help of our specialized subcontractors, we reach any national or international destination in a maximum of 48 hours. The distribution activity is constantly monitored and the transport routes are optimized using a centralized GPS system. Deliveries can be made 7 days a week, the limitation being given only by the client's work schedule.<\/p><p>The customer can obtain delivery details online at any time, the system being perfectly transparent.<\/p><p><br \/><br \/><\/p>\t\t\t\t\t\t\t\t<\/div>\n\t\t\t\t\t<\/div>\n\t\t<\/div>\n\t\t\t\t<div class=\"elementor-column elementor-col-50 elementor-top-column elementor-element elementor-element-3317cb7\" data-id=\"3317cb7\" data-element_type=\"column\">\n\t\t\t<div class=\"elementor-widget-wrap elementor-element-populated\">\n\t\t\t\t\t\t<div class=\"elementor-element elementor-element-502db8e elementor-widget elementor-widget-image\" data-id=\"502db8e\" data-element_type=\"widget\" data-widget_type=\"image.default\">\n\t\t\t\t\t\t\t\t\t\t\t\t\t\t\t<img decoding=\"async\" src=\"https:\/\/bestprint.ro\/wp-content\/uploads\/elementor\/thumbs\/Distribution-p9bv9s8reavhtjd12tp3zeb88pfe5eqcbp5f12ev5s.jpg\" title=\"Distribution\" alt=\"Distribution\" loading=\"lazy\" \/>\t\t\t\t\t\t\t\t\t\t\t\t\t\t\t<\/div>\n\t\t\t\t\t<\/div>\n\t\t<\/div>\n\t\t\t\t\t<\/div>\n\t\t<\/section>\n\t\t\t\t<section class=\"elementor-section elementor-top-section elementor-element elementor-element-7a503c7 elementor-section-content-middle elementor-section-boxed elementor-section-height-default elementor-section-height-default\" data-id=\"7a503c7\" data-element_type=\"section\">\n\t\t\t\t\t\t<div class=\"elementor-container elementor-column-gap-wider\">\n\t\t\t\t\t<div class=\"elementor-column elementor-col-50 elementor-top-column elementor-element elementor-element-7cd2aa0\" data-id=\"7cd2aa0\" data-element_type=\"column\">\n\t\t\t<div class=\"elementor-widget-wrap elementor-element-populated\">\n\t\t\t\t\t\t<div class=\"elementor-element elementor-element-e50451c elementor-widget elementor-widget-image\" data-id=\"e50451c\" data-element_type=\"widget\" data-widget_type=\"image.default\">\n\t\t\t\t\t\t\t\t\t\t\t\t\t\t\t<img decoding=\"async\" src=\"https:\/\/bestprint.ro\/wp-content\/uploads\/elementor\/thumbs\/Depozitare-p9bv9qd30msx6bfrdsvuuesb1xonq0ivnfug2ihni8.jpg\" title=\"Storage\" alt=\"Depozitare\" loading=\"lazy\" \/>\t\t\t\t\t\t\t\t\t\t\t\t\t\t\t<\/div>\n\t\t\t\t\t<\/div>\n\t\t<\/div>\n\t\t\t\t<div class=\"elementor-column elementor-col-50 elementor-top-column elementor-element elementor-element-69ffaa6\" data-id=\"69ffaa6\" data-element_type=\"column\">\n\t\t\t<div class=\"elementor-widget-wrap elementor-element-populated\">\n\t\t\t\t\t\t<div class=\"elementor-element elementor-element-2f8ffcc elementor-widget elementor-widget-text-editor\" data-id=\"2f8ffcc\" data-element_type=\"widget\" data-widget_type=\"text-editor.default\">\n\t\t\t\t\t\t\t\t\t<p><b><span lang=\"RO\">Storage<\/span><\/b><\/p><p>We offer our customers the opportunity to store products made in large runs so that delivery is gradual. Thus, our customers can opt for large runs, with a low unit cost and gradual delivery, minimizing logistics costs.<\/p>\t\t\t\t\t\t\t\t<\/div>\n\t\t\t\t\t<\/div>\n\t\t<\/div>\n\t\t\t\t\t<\/div>\n\t\t<\/section>\n\t\t\t\t<\/div>","protected":false},"excerpt":{"rendered":"<p>Picking (Adunare a diverselor produse, personalizat\u0103 pe destina\u021bii) Dispunem de experien\u021b\u0103 \u00een gestionarea proiectelor complexe care prev\u0103d adunarea \u0219i coletarea produselor de diverse tipuri \u00een seturi predefinite \u0219i preg\u0103tirea pentru livrarea lor pe destina\u021bii multiple, pe baza listelor de distribu\u021bie specificate de client. Packing (Ambalare) Produsele noastre sunt livrate \u00een diverse tipuri de ambalaje, adecvate&hellip;<\/p>","protected":false},"author":1,"featured_media":0,"parent":8564,"menu_order":70,"comment_status":"closed","ping_status":"closed","template":"","meta":{"footnotes":""},"class_list":["post-30321","page","type-page","status-publish","hentry"],"_links":{"self":[{"href":"http:\/\/bestprint.ro\/en\/wp-json\/wp\/v2\/pages\/30321","targetHints":{"allow":["GET"]}}],"collection":[{"href":"http:\/\/bestprint.ro\/en\/wp-json\/wp\/v2\/pages"}],"about":[{"href":"http:\/\/bestprint.ro\/en\/wp-json\/wp\/v2\/types\/page"}],"author":[{"embeddable":true,"href":"http:\/\/bestprint.ro\/en\/wp-json\/wp\/v2\/users\/1"}],"replies":[{"embeddable":true,"href":"http:\/\/bestprint.ro\/en\/wp-json\/wp\/v2\/comments?post=30321"}],"version-history":[{"count":17,"href":"http:\/\/bestprint.ro\/en\/wp-json\/wp\/v2\/pages\/30321\/revisions"}],"predecessor-version":[{"id":31995,"href":"http:\/\/bestprint.ro\/en\/wp-json\/wp\/v2\/pages\/30321\/revisions\/31995"}],"up":[{"embeddable":true,"href":"http:\/\/bestprint.ro\/en\/wp-json\/wp\/v2\/pages\/8564"}],"wp:attachment":[{"href":"http:\/\/bestprint.ro\/en\/wp-json\/wp\/v2\/media?parent=30321"}],"curies":[{"name":"wp","href":"https:\/\/api.w.org\/{rel}","templated":true}]}}