{"id":32150,"date":"2024-10-10T11:37:03","date_gmt":"2024-10-10T11:37:03","guid":{"rendered":"https:\/\/bestprint.ro\/cookie-policy-eu\/"},"modified":"2024-10-11T09:37:39","modified_gmt":"2024-10-11T09:37:39","slug":"politica-de-cookies","status":"publish","type":"page","link":"http:\/\/bestprint.ro\/en\/politica-de-cookies\/","title":{"rendered":"Cookie Policy"},"content":{"rendered":"<figure class=\"wp-block-image size-full\"><img fetchpriority=\"high\" decoding=\"async\" width=\"723\" height=\"86\" src=\"https:\/\/bestprint.ro\/wp-content\/uploads\/2024\/10\/policy-header.jpg\" alt=\"\" class=\"wp-image-32162\" srcset=\"https:\/\/bestprint.ro\/wp-content\/uploads\/2024\/10\/policy-header.jpg 723w, https:\/\/bestprint.ro\/wp-content\/uploads\/2024\/10\/policy-header-300x36.jpg 300w, https:\/\/bestprint.ro\/wp-content\/uploads\/2024\/10\/policy-header-18x2.jpg 18w\" sizes=\"(max-width: 723px) 100vw, 723px\" \/><\/figure>\n\n\n\n<h1 class=\"wp-block-heading\">Politica de utilizarea a cookie-urilor a site-ului https:\/\/bestprint.ro\/<\/h1>\n\n\n\n<p>Aceast\u0103 politic\u0103 se refer\u0103 la cookie-urile utilizate pe website-ul <a href=\"https:\/\/bestprint.ro\/en\/\">https:\/\/bestprint.ro\/<\/a> de c\u0103tre de\u021bin\u0103torul site-ului, <strong>Best Print Services S.A.<\/strong><\/p>\n\n\n\n<p>V\u0103 rug\u0103m s\u0103 consulta\u021bi aceast\u0103 sec\u021biune \u00een mod regulat, deoarece politica poate suporta modific\u0103ri sau actualiz\u0103ri. Orice modific\u0103ri semnificative ale acestei politici vor fi notificate.<\/p>\n\n\n\n<p>\u00cen completarea acestei notific\u0103ri, v\u0103 rug\u0103m s\u0103 citi\u021bi \u0219i <a href=\"https:\/\/bestprint.ro\/en\/politica-de-confidentialitate\/\"><strong>Privacy policy<\/strong><\/a>.<\/p>\n\n\n\n<h2 class=\"wp-block-heading\"><strong>Cine suntem noi<\/strong><\/h2>\n\n\n\n<p><a><\/a>Cu o experien\u021b\u0103 de peste 20 ani \u00een industria tiparului, Best Print Services este \u00een prezent unul dintre cei mai importan\u021bi furnizori de servicii tipografice integrate din Rom\u00e2nia.<\/p>\n\n\n\n<p>Am pornit de la ideea c\u0103 ambi\u021bia, profesionalismul \u0219i perseveren\u021ba pot face diferen\u021ba, iar \u00een anul 2011 am devenit prima tipografie plan\u0103 din Rom\u00e2nia certificata FOGRA \u0219i una dintre primele tipografii din industria publicitar\u0103 certificat\u0103 FSC.&nbsp;<\/p>\n\n\n\n<p>Din 1997 investim constant \u00een echipamente de tip\u0103rire \u0219i finisare, fiind con\u0219tien\u021bi \u00eens\u0103 c\u0103 avantajul tehnologic&nbsp; nu poate fi sus\u021binut f\u0103r\u0103 oameni preg\u0103ti\u021bi \u0219i motiva\u021bi pentru o ob\u021bine cele mai bune rezultate. Cu o echip\u0103 calificat\u0103, creativ\u0103, unit\u0103 \u0219i dedicat\u0103 solu\u021biilor de tipar \u0219i ambalare, reu\u0219im s\u0103 aducem idei uimitoare la via\u021b\u0103.<\/p>\n\n\n\n<p><strong>Informa\u021bii despre Best Print Services S.A.<\/strong><\/p>\n\n\n\n<p><strong>Best Print Services S.A. <\/strong>\u00ee\u0219i are sediul&nbsp; Bucure\u0219ti, Bulevardul Timi\u0219oara nr. 92, sector 6, \u0219i este \u00eenmatriculat\u0103 \u00een Registrul Comer\u0163ului sub nr. J40\/229\/1997, av\u00e2nd cod fiscal nr. RO9100283.<strong><\/strong><\/p>\n\n\n\n<p><strong>Date de contact ale Best Print Services S.A<\/strong><\/p>\n\n\n\n<p><strong>o&nbsp;&nbsp;&nbsp;&nbsp;&nbsp;&nbsp;&nbsp;&nbsp;&nbsp;&nbsp;&nbsp;&nbsp; E-mail: <\/strong>office@bestprint.ro<strong><\/strong><\/p>\n\n\n\n<p><strong>o&nbsp;&nbsp;&nbsp;&nbsp;&nbsp;&nbsp;&nbsp;&nbsp;&nbsp;&nbsp;&nbsp;&nbsp; Telefon: <\/strong>(+4) 021 539 83 15<strong><\/strong><\/p>\n\n\n\n<p><strong>&nbsp;&nbsp;&nbsp;&nbsp;&nbsp;&nbsp;&nbsp;&nbsp;&nbsp;&nbsp;&nbsp;&nbsp;&nbsp;&nbsp;&nbsp;&nbsp;&nbsp;&nbsp;&nbsp;&nbsp;&nbsp;&nbsp;&nbsp;&nbsp;&nbsp;&nbsp;&nbsp;&nbsp;&nbsp; <\/strong>(+4) 021 539 83 16<strong><\/strong><\/p>\n\n\n\n<p><strong>o&nbsp;&nbsp;&nbsp;&nbsp;&nbsp;&nbsp;&nbsp;&nbsp;&nbsp;&nbsp;&nbsp;&nbsp; Website: <\/strong><a href=\"https:\/\/bestprint.ro\/en\/\">https:\/\/bestprint.ro\/<\/a> <strong><\/strong><\/p>\n\n\n\n<h2 class=\"wp-block-heading\"><strong>De ce folosim cookie-uri<\/strong><\/h2>\n\n\n\n<p><a><\/a>Cookie-urile sunt foarte utile \u0219i \u00eendeplinesc diferite func\u021bii ce fac ca navigarea dvs. pe site s\u0103 fie u\u0219oar\u0103 \u0219i pl\u0103cut\u0103. A\u021bi putea spune c\u0103 sunt ca ni\u0219te \u201eamintiri\u201d pe care site-ul le p\u0103streaz\u0103 despre dvs., ajut\u00e2ndu-l s\u0103 \u021bin\u0103 minte cum a\u021bi navigat pe paginile sale \u0219i alegerile pe care le-a\u021bi f\u0103cut pe parcurs.<\/p>\n\n\n\n<p>Pute\u021bi naviga mai u\u0219or \u0219i mai rapid pe un site care \u00ee\u0219i aminte\u0219te de dvs., dec\u00e2t pe unul care nu v\u0103 recunoa\u0219te. De aceea, majoritatea site-urilor pe care le \u0219ti\u021bi \u0219i v\u0103 plac folosesc cookie-uri.<\/p>\n\n\n\n<h2 class=\"wp-block-heading\"><strong>Ce este \u00eentr-un cookie?<\/strong><\/h2>\n\n\n\n<p><a><\/a>Un cookie este un fragment simplu de informa\u021bie sub forma unui fi\u0219ier text foarte mic. Fiecare cookie \u00een parte este unic \u0219i este compus din numele site-ului care l-a creat \u0219i un \u0219ir unic de cifre \u0219i litere.<\/p>\n\n\n\n<p>Majoritatea site-urilor plaseaz\u0103 cookie-uri pe hard disk-ul dispozitivului t\u0103u (calculator, telefon mobil sau tablet\u0103) c\u00e2nd navighezi pe o pagin\u0103 de internet. Acest lucru este posibil din browser \u2013 de exemplu Google Chrome, Internet Explorer, Safari sau Firefox. Un cookie poate fi citit \u0219i recuperat doar de site-ul care l-a creat. Site-urile nu pot niciodat\u0103 s\u0103 fac\u0103 schimb de informa\u021bii \u00eentre ele prin cookie-uri.<\/p>\n\n\n\n<p>Unele cookie-uri sunt valabile doar pe durata vizitei tale. Aceste \u201ecookie-uri de sesiune\u201d dispar din calculatorul sau dispozitivul t\u0103u mobil dup\u0103 ce ai \u00eenchis browserul. Alte cookie-uri r\u0103m\u00e2n \u00een calculatorul sau dispozitivul t\u0103u mobil dup\u0103 ce ai \u00eenchis browserul \u0219i sunt valabile pentru o anumit\u0103 perioad\u0103 de timp. Aceste \u201ecookie-uri persistente\u201d sunt activate de fiecare dat\u0103 c\u00e2nd vizitezi site-ul care le-a generat.<\/p>\n\n\n\n<h2 class=\"wp-block-heading\"><strong>Ce nu este \u00eentr-un cookie?<\/strong><\/h2>\n\n\n\n<p><a><\/a>Cookie-urile (ca elemente de sine st\u0103t\u0103toare) NU con\u021bin:<\/p>\n\n\n\n<ul class=\"wp-block-list\">\n<li>Informa\u021bii personale \u2013 nu po\u021bi fi identificat personal doar pe baza unui cookie.<\/li>\n\n\n\n<li>Cod de program \u2013 spre deosebire de un virus informatic, un cookie nu este compus din cod, asta \u00eensemn\u00e2nd c\u0103 nu este capabil s\u0103 strice dispozitivul t\u0103u.<\/li>\n<\/ul>\n\n\n\n<h2 class=\"wp-block-heading\"><strong>\u00cen ce scopuri folosim cookie-urile?<\/strong><\/h2>\n\n\n\n<p>O vizit\u0103 pe acest site poate plasa urm\u0103toarele tipuri de cookie-uri:<\/p>\n\n\n\n<ul class=\"wp-block-list\">\n<li>cookie-uri strict necesare pentru func\u021bionarea site-ului<\/li>\n\n\n\n<li>cookie-uri de analiz\u0103 a comportamentului vizitatorilor site-ului<\/li>\n\n\n\n<li>cookie-uri pentru publicitate personalizat\u0103<\/li>\n<\/ul>\n\n\n\n<h3 class=\"wp-block-heading\"><a><\/a>Cookie-uri necesare<\/h3>\n\n\n\n<p>\u00cen primul r\u00e2nd, pot fi necesare pentru a asigura func\u0163ionarea corect\u0103 a site-ului web. De exemplu, cookie-urile pot fi folosite pentru asigurarea securit\u0103\u021bii site-ului \u0219i a vizitatorilor, prin prevenirea falsific\u0103rii inter site-uri. Aceasta categoriei de cookie-uri este activ\u0103 \u00een mod automat, nefiind condi\u0163ionat\u0103 de acordul vizitatorului.<\/p>\n\n\n\n<p>Am inclus aici \u015fi cookie-urile plasate pentru a-\u0163i afi\u015fa publicitate nepersonalizat\u0103 (care re\u0163in faptul c\u0103 o reclam\u0103 a fost afi\u015fat\u0103), precum \u015fi cele care ne m\u0103soar\u0103 audien\u0163a pe site (f\u0103r\u0103 \u00eens\u0103 a include componenta demografic\u0103 ori de segmentare a audien\u0163ei), \u00eentruc\u00e2t f\u0103r\u0103 m\u0103surarea traficului site-ul nostru nu poate fi profitabil, iar regulile de protejare a vie\u0163ii private nu urm\u0103resc a bloca afi\u015farea publicit\u0103\u0163ii.<\/p>\n\n\n\n<h3 class=\"wp-block-heading\"><a><\/a>Cookie-uri de analiz\u0103<\/h3>\n\n\n\n<p>Cookie-urile de analiz\u0103 colecteaz\u0103 informa\u021bii despre modul \u00een care vizitatorii folosesc o pagin\u0103 de internet, cum ar fi cele mai populare pagini, ce metod\u0103 de conectare a paginilor este cea mai eficace \u0219i dac\u0103 utilizatorii primesc mesaje de eroare de la paginile de internet. Aceste cookie-uri ne permit s\u0103 oferim utilizatorilor o experien\u021b\u0103 de utilizare de \u00eenalt\u0103 calitate \u015fi au rolul de a contribui la \u00eembun\u0103t\u0103\u021birea modului \u00een care func\u021bioneaz\u0103 pagina noastr\u0103 de internet, precum \u015fi la segmentarea demografic\u0103 a audien\u0163ei, care mai departe este folosit\u0103 \u00een personalizarea publicit\u0103\u0163ii dac\u0103 acest scop este permis.<\/p>\n\n\n\n<p>Nu \u00een ultimul r\u00e2nd, atunci c\u00e2nd integr\u0103m \u00een site plugin-uri ale re\u0163elelor de socializare, acestea plaseaz\u0103 cookie-uri social media pentru a permite redarea con\u0163inutului (de ex. youtube), pentru a-\u0163i da posibilitatea s\u0103 te loghezi folosind un serviciu ter\u0163 (de ex. Facebook sau Google), precum \u015fi pentru a-\u0163i da posibilitatea s\u0103 apreciezi sau s\u0103 distribui o pagin\u0103 sau un produs pe serviciul de socializare preferat.<\/p>\n\n\n\n<h3 class=\"wp-block-heading\"><a><\/a>Cookie-uri pentru publicitate personalizat\u0103<\/h3>\n\n\n\n<p>De asemenea, folosim cookie-uri pentru a permite personalizarea publicit\u0103\u0163ii online. Folosirea cookie-urilor de personalizare a publicit\u0103\u021bii este un standard actual al majorit\u0103\u021bii site-urilor importante pe care le vizita\u021bi. Publicitatea de acest tip ne ajut\u0103 s\u0103 ajungem la categoriile de clien\u021bi interesa\u021bi de un anumit tip de produs, c\u0103tre care se afi\u015feaz\u0103 reclamele respective. De regul\u0103, informa\u021biile despre categoriile care definesc plaja de utilizatori interesa\u021bi nu sunt date personale, dar profilul care se creeaz\u0103 despre vizitatori are la baz\u0103 datele colectate prin intermediul cookie-urilor de profilare publicitar\u0103, intr\u0103 \u00een categoria datelor personale. Cum aceste cookie-uri sunt plasate de ter\u021bi cu acordul nostru, rezult\u0103 c\u0103 profilarea (care este o prelucrare de date personale) prin intermediul acestor cookie-uri este efectuat\u0103 de noi ca operator de date. Pute\u0163i opta s\u0103 nu fi\u0163i profilat de Google \u00een scop publicitar, acces\u00e2nd https:\/\/www.google.com\/settings\/ads.<\/p>\n\n\n\n<p><a href=\"https:\/\/bestprint.ro\/en\/\"><strong>https:\/\/bestprint.ro\/<\/strong><\/a><strong> <\/strong><strong>va utiliza \u00een mod implicit doar cookie-uri strict necesare pentru func\u021bionarea site-ului, celelalte categorii de cookie-uri put\u00e2nd fi folosite doar cu consim\u021b\u0103m\u00e2ntul dvs.<\/strong><\/p>\n\n\n\n<h2 class=\"wp-block-heading\"><strong>Cookie-urile care pot fi blocate din browser<\/strong><\/h2>\n\n\n\n<p><a><\/a>Majoritatea browserelor sunt setate s\u0103 accepte cookie-uri. \u00cens\u0103 dac\u0103 nu dori\u021bi acest lucru, pute\u021bi seta browserul dvs. fie s\u0103 v\u0103 anun\u021be ori de c\u00e2te ori primi\u021bi c\u00e2te un cookie, fie s\u0103 refuze acceptarea cookie-urilor.<\/p>\n\n\n\n<p>Trebuie \u00eens\u0103 s\u0103 \u0219ti\u021bi c\u0103 unele sec\u021biuni ale site-ului nostru nu vor putea fi vizualizate normal dac\u0103 a\u021bi setat browserul dvs. s\u0103 resping\u0103 toate cookie-urile. Acest lucru nu se \u00eent\u00e2mpl\u0103 \u00een mod inten\u021bionat, ci pentru c\u0103 unele func\u021bii ale website-ului nostru nu pot func\u021biona corect f\u0103r\u0103 folosirea cookie-urilor.<\/p>\n\n\n\n<p>Informa\u0163ii \u015fi instruc\u0163iuni cum s\u0103 edita\u0163i aceast\u0103 func\u0163ie pute\u0163i ob\u0163ine \u00een func\u0163ie de furnizorul dumneavoastr\u0103 de browser:<\/p>\n\n\n\n<p><a href=\"https:\/\/www.mozilla.org\/ro\/firefox\/dnt\/\"><strong>Mozilla Firefox<\/strong><\/a> \u0406<a href=\"https:\/\/support.microsoft.com\/ro-ro\/help\/17288\/windows-internet-explorer-11-use-do-not-track\"><strong> <\/strong><\/a><a href=\"https:\/\/support.microsoft.com\/ro-ro\/help\/17288\/windows-internet-explorer-11-use-do-not-track\"><strong>Internet Explorer<\/strong><\/a> \u0406<a href=\"https:\/\/support.google.com\/chrome\/answer\/2790761?co=GENIE.Platform=Desktop&amp;hl=ro\"> <\/a><a href=\"https:\/\/support.google.com\/chrome\/answer\/2790761?co=GENIE.Platform=Desktop&amp;hl=ro\"><strong>Google Chrome<\/strong><\/a> \u0406<a href=\"https:\/\/help.opera.com\/Windows\/12.10\/de\/notrack.html\"> <\/a>&nbsp;<strong><u>&nbsp;<\/u><\/strong><a href=\"https:\/\/help.opera.com\/en\/latest\/web-preferences\/#cookies\"><strong>Opera<\/strong><\/a> \u0406<a href=\"https:\/\/support.apple.com\/kb\/PH21416?locale=ro_RO\"> <\/a><a href=\"https:\/\/support.apple.com\/guide\/safari\/manage-cookies-sfri11471\/mac\"><strong>Safari<\/strong><\/a><strong><u><\/u><\/strong><\/p>\n\n\n\n<h2 class=\"wp-block-heading\"><strong>Thirt Party Cookies<\/strong><\/h2>\n\n\n\n<p><a><\/a>Cookie-uri de la ter\u021bi (cunoscute \u0219i sub numele de cookie-uri de urm\u0103rire sau trackere) sunt create de \u201eter\u021be p\u0103r\u021bi\u201d, altele dec\u00e2t site-ul web pe care utilizatorul \u00eel viziteaz\u0103 \u00een prezent, \u00een scopul de a furniza servicii de publicitate, retargeting, analiz\u0103 \u0219i urm\u0103rire. Practic, cookie-urile ter\u021b\u0103 parte sunt setate de re\u021belele de publicitate la care un site se poate abona \u00een speran\u021ba de a cre\u0219te v\u00e2nz\u0103rile sau accesarea de pagini.<\/p>\n\n\n\n<p>Cookie-urile de tip pixel plasate de Facebook, LinkedIn \u0219i Google se num\u0103r\u0103 printre cele mai utilizate cookie-uri de la ter\u021bi.<\/p>\n\n\n\n<h3 class=\"wp-block-heading\"><a><\/a>YouTube<\/h3>\n\n\n\n<p>Am \u00eencorporat pe site-ul nostru videoclipuri de pe YouTube utiliz\u00e2nd Modul de \u00eembun\u0103t\u0103\u021bire a confiden\u021bialit\u0103\u021bii YouTube. Acest mod poate seta cookie-uri pe computerul dvs. c\u00e2nd con\u021binutul video este redat, \u00eens\u0103 YouTube nu va stoca informa\u021bii de cookie-uri care pot fi identificate personal pentru redarea videoclipurilor \u00eencorporate utiliz\u00e2nd modul \u00eembun\u0103t\u0103\u021bit de confiden\u021bialitate. Aceste cookie-uri sunt setate de YouTube pentru a urm\u0103ri utilizarea serviciilor sale.<\/p>\n\n\n\n<p>Pentru a afla mai multe, v\u0103 rug\u0103m s\u0103 vizita\u021bi&nbsp; pagina de informa\u021bii cu privire la <a href=\"https:\/\/support.google.com\/youtube\/answer\/171780?hl=en-GB\">\u00eencorporarea<\/a><a href=\"https:\/\/support.google.com\/youtube\/answer\/171780?hl=en-GB\"> videoclipurilor YouTube<\/a>.<\/p>\n\n\n\n<h3 class=\"wp-block-heading\"><a><\/a>Double Click<\/h3>\n\n\n\n<p>Google Ads (Double Click) reprezint\u0103 un furnizor de servicii de promovare \u0219i marketing. DoubleClick este un serviciu Google LLC. DoubleClick utilizeaz\u0103 cookie-uri pentru a v\u0103 prezenta publicitate relevant\u0103. Un num\u0103r de identificare pseudonim (ID) este alocat browserului dvs. pentru a verifica ce anun\u021buri au fost afi\u0219ate \u00een browserul dvs. \u0219i ce anun\u021buri au fost desc\u0103rcate. Utilizarea cookie-urilor DoubleClick \u00eei permite exclusiv Google \u0219i site-urile partenerilor s\u0103i s\u0103 plaseze anun\u021buri pe baza vizitelor anterioare pe celelalte site-uri ale noastre. Informa\u021biile generate de cookie vor fi transmise \u0219i stocate pe servere \u00een Statele Unite de c\u0103tre Google pentru analiz\u0103.<\/p>\n\n\n\n<p>Plasarea acestor tipuri de cookie-uri nu este posibil\u0103 dec\u00e2t cu consim\u021b\u0103m\u00e2ntul dvs.. Cu toate acestea, pute\u021bi s\u0103 obiecta\u021bi sau s\u0103 \u00eempiedica\u021bi colectarea de date generate de cookie-uri \u0219i legate de utilizarea de c\u0103tre dvs. a site-urilor web, precum \u0219i prelucrarea acestor date de c\u0103tre Google, desc\u0103rc\u00e2nd \u0219i instal\u00e2nd un <a href=\"https:\/\/support.google.com\/ads\/answer\/7395996?hl=en\">plugin de browser<\/a> pentru a v\u0103 p\u0103stra preferin\u021ba privind renun\u021barea la anun\u021burile personalizate.<\/p>\n\n\n\n<p><strong>Facebook pixel<\/strong><\/p>\n\n\n\n<p>Este un instrument de analiz\u0103 care v\u0103 permite s\u0103 m\u0103sura\u021bi eficien\u021ba publicit\u0103\u021bii dvs. prin \u00een\u021belegerea ac\u021biunilor pe care oamenii le \u00eentreprind pe site-ul dvs. web. Pixelul Facebook este utilizat pentru a ne asigura c\u0103 publicitatea noastr\u0103 este afi\u0219at\u0103 persoanelor potrivite, pentru a cre\u0219te num\u0103rul de v\u00e2nz\u0103ri \u0219i pentru a m\u0103sura rezultatele reclamelor noastre.<\/p>\n\n\n\n<h3 class=\"wp-block-heading\"><a><\/a>Plugin-urile sociale<\/h3>\n\n\n\n<p>Am integrat pe site-ul nostru urm\u0103toarele plugin-uri ale re\u021belelor sociale care, \u00een mod independent, pot seta cookie-uri pe computerul dvs.:<\/p>\n\n\n\n<ul class=\"wp-block-list\">\n<li>Facebook\/Meta<\/li>\n\n\n\n<li>LinkedIn<\/li>\n<\/ul>\n\n\n\n<p>V\u0103 rug\u0103m s\u0103 re\u021bine\u021bi c\u0103 nu avem niciun control asupra modului \u00een care sunt utilizate informa\u021biile colectate prin intermediul acestor cookie-uri \u0219i nici nu avem acces la acestea. Cu toate acestea suntem r\u0103spunz\u0103tori \u00eempreuna cu re\u021belele sociale de aceste prelucr\u0103ri, \u00een conformitate cu politicile europene.<\/p>\n\n\n\n<p>Furnizorul de plugin-uri stocheaz\u0103 datele pe care le colecteaz\u0103 ca profiluri de utilizare \u0219i le folose\u0219te \u00een scopul publicit\u0103\u021bii, cercet\u0103rii de pia\u021b\u0103 \u0219i \/ sau a designului bazat pe necesit\u0103\u021bi al site-ului s\u0103u. O astfel de analiz\u0103 are loc \u00een special (chiar \u0219i pentru utilizatorii care nu sunt conecta\u021bi) pentru a afi\u0219a publicitatea bazat\u0103 pe nevoi \u0219i pentru a informa despre al\u021bi utilizatori ai re\u021belei sociale despre p\u0103rerea dvs despre produsele din magazinul nostru. Prin aceste pluginuri, v\u0103 oferim posibilitatea de a interac\u021biona cu re\u021belele sociale \u0219i cu al\u021bi utilizatori, astfel \u00eenc\u00e2t s\u0103 putem \u00eembun\u0103t\u0103\u021bi oferta noastr\u0103 \u0219i s\u0103 proiect\u0103m site-ul nostru de interes mai important pentru dvs. Dac\u0103 accesa\u021bi o pagin\u0103 de pe site-ul nostru care con\u021bine un astfel de plugin, browserul dvs. realizeaz\u0103 o conexiune direct\u0103 cu serverele furnizorului respectiv.<\/p>\n\n\n\n<p>Con\u021binutul plugin-ului este transmis de furnizorul respectiv direct c\u0103tre browser-ul dvs. \u0219i integrat \u00een pagin\u0103. Prin aceast\u0103 integrare, furnizorul prime\u0219te informa\u021bii pe care le-a\u021bi accesat pe pagina web a site-ului nostru, chiar dac\u0103 nu ave\u021bi un cont de utilizator la furnizorul \u00een cauz\u0103 sau nu sunte\u021bi conectat(\u0103) la serviciul \u00een cauz\u0103. Aceste informa\u021bii (inclusiv adresa dvs. IP) sunt transmise direct de pe browserul dvs. c\u0103tre un server al furnizorului \u00een cauz\u0103 (probabil localizat \u00een SUA), stocate acolo ca profil de utilizare \u0219i, printre altele, utilizate \u00een scopuri de publicitate, cercetare de pia\u021b\u0103 \u0219i proiectarea site-ului web al furnizorului.<\/p>\n\n\n\n<p>Dac\u0103, \u00een timpul vizitei dvs. pe site-ul nostru, sunte\u021bi conectat la contul dvs. de utilizator cu Facebook, Instagram, Youtube sau Twitter, LinkedIn, Pinterest, furnizorul respectiv poate, de asemenea, s\u0103 asocieze vizita pe site cu contul de utilizator.<\/p>\n\n\n\n<p>Dac\u0103 nu dori\u021bi ca asocierea cu profilul dvs. de utilizator s\u0103 fie f\u0103cut\u0103 de furnizorul de plugin-uri, pute\u021bi selecta func\u021bia &#8222;Dezactiva\u021bi modul cookie ter\u021be p\u0103r\u021bi&#8221; \u00een set\u0103rile browserului. Astfel, browserul dvs. nu mai trimite cookie-uri c\u0103tre serverul special al re\u021belei de socializare.<\/p>\n\n\n\n<p>Mai multe informa\u021bii despre cum folosesc re\u021belele sociale datele dvs. colectate prin intermediul plugin-urilor, pute\u021bi g\u0103si aici:<\/p>\n\n\n\n<figure class=\"wp-block-table\"><table><tbody><tr><td>Facebook<\/td><td><a href=\"https:\/\/www.facebook.com\/about\/privacy\/\">Politica<\/a><a href=\"https:\/\/www.facebook.com\/about\/privacy\/\"> de utilizare a datelor<\/a><\/td><\/tr><tr><td>LinkedIn<\/td><td><a href=\"https:\/\/legal.linkedin.com\/plugin-terms-of-use\">Plugin Terms of Use<\/a><\/td><\/tr><\/tbody><\/table><\/figure>\n\n\n\n<p><strong>Prin utilizarea acestui site, sunte\u021bi de acord cu prelucrarea datelor despre dvs. \u00een modul \u0219i \u00een scopurile men\u021bionate mai sus.<\/strong><\/p>\n\n\n\n<p>Aceast\u0103 versiune a fost actualizat\u0103 la data de 02.10.2024.<\/p>","protected":false},"excerpt":{"rendered":"<p>Politica de utilizarea a cookie-urilor a site-ului https:\/\/bestprint.ro\/ Aceast\u0103 politic\u0103 se refer\u0103 la cookie-urile utilizate pe website-ul https:\/\/bestprint.ro\/ de c\u0103tre de\u021bin\u0103torul site-ului, Best Print Services S.A. V\u0103 rug\u0103m s\u0103 consulta\u021bi aceast\u0103 sec\u021biune \u00een mod regulat, deoarece politica poate suporta modific\u0103ri sau actualiz\u0103ri. Orice modific\u0103ri semnificative ale acestei politici vor fi notificate. \u00cen completarea acestei notific\u0103ri,&hellip;<\/p>","protected":false},"author":2,"featured_media":0,"parent":0,"menu_order":0,"comment_status":"closed","ping_status":"closed","template":"","meta":{"footnotes":""},"class_list":["post-32150","page","type-page","status-publish","hentry","description-off"],"_links":{"self":[{"href":"http:\/\/bestprint.ro\/en\/wp-json\/wp\/v2\/pages\/32150","targetHints":{"allow":["GET"]}}],"collection":[{"href":"http:\/\/bestprint.ro\/en\/wp-json\/wp\/v2\/pages"}],"about":[{"href":"http:\/\/bestprint.ro\/en\/wp-json\/wp\/v2\/types\/page"}],"author":[{"embeddable":true,"href":"http:\/\/bestprint.ro\/en\/wp-json\/wp\/v2\/users\/2"}],"replies":[{"embeddable":true,"href":"http:\/\/bestprint.ro\/en\/wp-json\/wp\/v2\/comments?post=32150"}],"version-history":[{"count":4,"href":"http:\/\/bestprint.ro\/en\/wp-json\/wp\/v2\/pages\/32150\/revisions"}],"predecessor-version":[{"id":32165,"href":"http:\/\/bestprint.ro\/en\/wp-json\/wp\/v2\/pages\/32150\/revisions\/32165"}],"wp:attachment":[{"href":"http:\/\/bestprint.ro\/en\/wp-json\/wp\/v2\/media?parent=32150"}],"curies":[{"name":"wp","href":"https:\/\/api.w.org\/{rel}","templated":true}]}}